{"id":14,"date":"2025-11-25T21:26:06","date_gmt":"2025-11-26T03:26:06","guid":{"rendered":"https:\/\/gorditastommy.directorio-comercial.com\/?page_id=14"},"modified":"2025-12-04T04:06:07","modified_gmt":"2025-12-04T10:06:07","slug":"inicio","status":"publish","type":"page","link":"https:\/\/gorditastommy.directorio-comercial.com\/","title":{"rendered":"Inicio"},"content":{"rendered":"\n<div class=\"wp-block-columns is-not-stacked-on-mobile is-layout-flex wp-container-core-columns-is-layout-8d88fe0f wp-block-columns-is-layout-flex\" style=\"padding-top:var(--wp--preset--spacing--20);padding-bottom:var(--wp--preset--spacing--20)\">\n<div class=\"wp-block-column is-layout-flow wp-block-column-is-layout-flow\">\n<div class=\"wp-block-group has-global-padding is-layout-constrained wp-block-group-is-layout-constrained\">\n<img loading=\"lazy\" decoding=\"async\" width=\"1583\" height=\"635\" data-media-id=\"20\" class=\"gb-media-7d9ea90c\" alt=\"\" src=\"https:\/\/gorditastommy.directorio-comercial.com\/wp-content\/uploads\/2025\/11\/POSTER.png\" title=\"POSTER\" srcset=\"https:\/\/gorditastommy.directorio-comercial.com\/wp-content\/uploads\/2025\/11\/POSTER.png 1583w, https:\/\/gorditastommy.directorio-comercial.com\/wp-content\/uploads\/2025\/11\/POSTER-300x120.png 300w, https:\/\/gorditastommy.directorio-comercial.com\/wp-content\/uploads\/2025\/11\/POSTER-1024x411.png 1024w, https:\/\/gorditastommy.directorio-comercial.com\/wp-content\/uploads\/2025\/11\/POSTER-768x308.png 768w, https:\/\/gorditastommy.directorio-comercial.com\/wp-content\/uploads\/2025\/11\/POSTER-1536x616.png 1536w\" sizes=\"auto, (max-width: 1583px) 100vw, 1583px\" \/>\n<\/div>\n<\/div>\n<\/div>\n\n\n\n<div class=\"wp-block-group has-global-padding is-layout-constrained wp-block-group-is-layout-constrained\">\n<h2 class=\"gb-text gb-text-0402775a\">Conoce un poco de nosotros<\/h2>\n\n\n\n<p class=\"gb-text gb-text-b2fa07be\">En el coraz\u00f3n de Pabell\u00f3n de Arteaga, las Gorditas \u201cTommy\u201d llevan m\u00e1s de tres d\u00e9cadas deleitando a todos con su sabor inconfundible. Desde 1986, este negocio familiar comenz\u00f3 cuando la mam\u00e1 de la actual due\u00f1a serv\u00eda gorditas a los ferrocarrileros que se deten\u00edan frente a las v\u00edas del tren. Hoy, \u201cTommy\u201d es sin\u00f3nimo de las gorditas m\u00e1s deliciosas y tradicionales de la zona. Cada mordida es un pedacito de historia y sabor casero que no te puedes perder. Ven y descubre por qu\u00e9 las Gorditas \u201cTommy\u201d siguen siendo las favoritas de Pabell\u00f3n.<\/p>\n\n\n\n\n\n\n\n\n<\/div>\n","protected":false},"excerpt":{"rendered":"<p>Conoce un poco de nosotros En el coraz\u00f3n de Pabell\u00f3n de Arteaga, las Gorditas \u201cTommy\u201d llevan m\u00e1s de tres d\u00e9cadas deleitando a todos con su sabor inconfundible. Desde 1986, este negocio familiar comenz\u00f3 cuando la mam\u00e1 de la actual due\u00f1a serv\u00eda gorditas a los ferrocarrileros que se deten\u00edan frente a las v\u00edas del tren. Hoy, [&hellip;]<\/p>\n","protected":false},"author":1,"featured_media":0,"parent":0,"menu_order":0,"comment_status":"closed","ping_status":"closed","template":"page-no-title","meta":{"_acf_changed":false,"footnotes":""},"class_list":["post-14","page","type-page","status-publish","hentry"],"acf":[],"_links":{"self":[{"href":"https:\/\/gorditastommy.directorio-comercial.com\/index.php?rest_route=\/wp\/v2\/pages\/14","targetHints":{"allow":["GET"]}}],"collection":[{"href":"https:\/\/gorditastommy.directorio-comercial.com\/index.php?rest_route=\/wp\/v2\/pages"}],"about":[{"href":"https:\/\/gorditastommy.directorio-comercial.com\/index.php?rest_route=\/wp\/v2\/types\/page"}],"author":[{"embeddable":true,"href":"https:\/\/gorditastommy.directorio-comercial.com\/index.php?rest_route=\/wp\/v2\/users\/1"}],"replies":[{"embeddable":true,"href":"https:\/\/gorditastommy.directorio-comercial.com\/index.php?rest_route=%2Fwp%2Fv2%2Fcomments&post=14"}],"version-history":[{"count":5,"href":"https:\/\/gorditastommy.directorio-comercial.com\/index.php?rest_route=\/wp\/v2\/pages\/14\/revisions"}],"predecessor-version":[{"id":44,"href":"https:\/\/gorditastommy.directorio-comercial.com\/index.php?rest_route=\/wp\/v2\/pages\/14\/revisions\/44"}],"wp:attachment":[{"href":"https:\/\/gorditastommy.directorio-comercial.com\/index.php?rest_route=%2Fwp%2Fv2%2Fmedia&parent=14"}],"curies":[{"name":"wp","href":"https:\/\/api.w.org\/{rel}","templated":true}]}}